{"id":188,"date":"2017-01-03T02:13:10","date_gmt":"2017-01-03T02:13:10","guid":{"rendered":"http:\/\/hueppi-test2.de\/?page_id=188"},"modified":"2017-01-03T02:14:03","modified_gmt":"2017-01-03T02:14:03","slug":"lehre","status":"publish","type":"page","link":"https:\/\/hueppi-test2.de\/?page_id=188","title":{"rendered":"Lehre"},"content":{"rendered":"<p>Seite im Aufbau<\/p>\n<p>VORTR\u00c4GE<\/p>\n<p>BUNDESVERBAND DER HOCHSCHULGALERIEN &#8211; D*I*C*K<\/p>\n<p>KUNSTHALLE Am HAMBURGER PLATZ 2011 &#8211; 2016<\/p>\n<p>GASTPROFESSUR F\u00dcR BILDHAUEREI, wei\u00dfensee kunsthochschule berlin, 2010<\/p>\n<p>HBK SAAR<\/p>\n","protected":false},"excerpt":{"rendered":"<p>Seite im Aufbau VORTR\u00c4GE BUNDESVERBAND DER HOCHSCHULGALERIEN &#8211; D*I*C*K KUNSTHALLE Am HAMBURGER PLATZ 2011 &#8211; 2016 GASTPROFESSUR F\u00dcR BILDHAUEREI, wei\u00dfensee kunsthochschule berlin, 2010 HBK SAAR<\/p>\n","protected":false},"author":1,"featured_media":36,"parent":0,"menu_order":0,"comment_status":"closed","ping_status":"closed","template":"","meta":{"ngg_post_thumbnail":0},"_links":{"self":[{"href":"https:\/\/hueppi-test2.de\/index.php?rest_route=\/wp\/v2\/pages\/188"}],"collection":[{"href":"https:\/\/hueppi-test2.de\/index.php?rest_route=\/wp\/v2\/pages"}],"about":[{"href":"https:\/\/hueppi-test2.de\/index.php?rest_route=\/wp\/v2\/types\/page"}],"author":[{"embeddable":true,"href":"https:\/\/hueppi-test2.de\/index.php?rest_route=\/wp\/v2\/users\/1"}],"replies":[{"embeddable":true,"href":"https:\/\/hueppi-test2.de\/index.php?rest_route=%2Fwp%2Fv2%2Fcomments&post=188"}],"version-history":[{"count":2,"href":"https:\/\/hueppi-test2.de\/index.php?rest_route=\/wp\/v2\/pages\/188\/revisions"}],"predecessor-version":[{"id":191,"href":"https:\/\/hueppi-test2.de\/index.php?rest_route=\/wp\/v2\/pages\/188\/revisions\/191"}],"wp:featuredmedia":[{"embeddable":true,"href":"https:\/\/hueppi-test2.de\/index.php?rest_route=\/wp\/v2\/media\/36"}],"wp:attachment":[{"href":"https:\/\/hueppi-test2.de\/index.php?rest_route=%2Fwp%2Fv2%2Fmedia&parent=188"}],"curies":[{"name":"wp","href":"https:\/\/api.w.org\/{rel}","templated":true}]}}