{"id":7,"date":"2016-09-12T15:26:53","date_gmt":"2016-09-12T15:26:53","guid":{"rendered":"http:\/\/hueppi-test2.de\/?page_id=7"},"modified":"2017-01-03T04:02:00","modified_gmt":"2017-01-03T04:02:00","slug":"cv","status":"publish","type":"page","link":"https:\/\/hueppi-test2.de\/?page_id=7","title":{"rendered":"Vita"},"content":{"rendered":"<div id=\"pl-7\"  class=\"panel-layout\" ><div id=\"pg-7-0\"  class=\"panel-grid panel-has-style\" ><div class=\"siteorigin-panels-stretch panel-row-style panel-row-style-for-7-0\" data-stretch-type=\"full\" ><div id=\"pgc-7-0-0\"  class=\"panel-grid-cell\" ><div id=\"panel-7-0-0-0\" class=\"so-panel widget widget_sow-editor panel-first-child\" data-index=\"0\" ><div class=\"so-widget-sow-editor so-widget-sow-editor-base\">\n<div class=\"siteorigin-widget-tinymce textwidget\">\n\t<p>1963 geboren in Hamburg, lebt und arbeitet in Baden-Baden<\/p>\n<p>1980 - 1986 Bau- und M\u00f6beltischler in Freiburg, Genf und Berlin<br \/> 1986 - 1991 Studium Hochschule f\u00fcr Bildende K\u00fcnste, Hamburg bei Kai Sudek und an der St\u00e4delschule Frankfurt am Main bei Stephan Balkenhol und Ulrich R\u00fcckriem<\/p>\n<\/div>\n<\/div><\/div><div id=\"panel-7-0-0-1\" class=\"so-panel widget widget_sow-headline\" data-index=\"1\" ><div class=\"so-widget-sow-headline so-widget-sow-headline-default-7795a0a42be1-7\"><div class=\"sow-headline-container \">\n\t<h5 class='sow-headline'>LEHRE<\/h5><\/div><\/div><\/div><div id=\"panel-7-0-0-2\" class=\"so-panel widget widget_sow-editor\" data-index=\"2\" ><div class=\"so-widget-sow-editor so-widget-sow-editor-base\">\n<div class=\"siteorigin-widget-tinymce textwidget\">\n\t<p>2011 - 2016 Professur f\u00fcr k\u00fcnstlerische Selbstorganisation, Wertsteigerung und Ausstellungskonzeption an der Kunsthochschule Wei\u00dfensee in Berlin<\/p>\n<p>2010 Gastprofessur f\u00fcr Bildhauerei, Kunsthochschule Wei\u00dfensee in Berlin<\/p>\n<p>&nbsp;<\/p>\n<\/div>\n<\/div><\/div><div id=\"panel-7-0-0-3\" class=\"so-panel widget widget_sow-headline\" data-index=\"3\" ><div class=\"so-widget-sow-headline so-widget-sow-headline-default-7795a0a42be1-7\"><div class=\"sow-headline-container \">\n\t<h5 class='sow-headline'>KATALOGE<\/h5><\/div><\/div><\/div><div id=\"panel-7-0-0-4\" class=\"so-panel widget widget_sow-editor\" data-index=\"4\" ><div class=\"so-widget-sow-editor so-widget-sow-editor-base\">\n<div class=\"siteorigin-widget-tinymce textwidget\">\n\t<p>1963 geboren in Hamburg<\/p>\n<p>1980 - 1986 Bau- und M\u00f6beltischler in Freiburg, Genf und Berlin<br \/> 1986 - 1991 Studium Hochschule f\u00fcr Bildende K\u00fcnste, Hamburg bei Kai Sudek und an der St\u00e4delschule Frankfurt am Main bei Stephan Balkenhol und Ulrich R\u00fcckriem<\/p>\n<p>2011 - 2016 Professur f\u00fcr k\u00fcnstlerische Selbstorganisation, Wertsteigerung und Ausstellungskonzeption an der Kunsthochschule Wei\u00dfensee in Berlin<\/p>\n<p>lebt und arbeitet in Baden-Baden<\/p>\n<p>&nbsp;<\/p>\n<h5>VORTR\u00c4GE<\/h5>\n<\/div>\n<\/div><\/div><div id=\"panel-7-0-0-5\" class=\"so-panel widget widget_sow-headline\" data-index=\"5\" ><div class=\"so-widget-sow-headline so-widget-sow-headline-default-5f79ae39187a-7\"><div class=\"sow-headline-container \">\n\t<h5 class='sow-headline'>AUSSTELLUNGEN<\/h5><\/div><\/div><\/div><div id=\"panel-7-0-0-6\" class=\"so-panel widget widget_sow-editor panel-last-child\" data-index=\"6\" ><div class=\"so-widget-sow-editor so-widget-sow-editor-base\">\n<div class=\"siteorigin-widget-tinymce textwidget\">\n\t<p><strong>2016<\/strong><br \/>\"Die Bilder der Anderen\", Kommunale Galerie Charlottenburg, Berlin<br \/>\"Verliebte K\u00fcnstler\", K\u00fcnstlerbund Baden-W\u00fcrttemberg, Stuttgart<br \/>\"Die Kunst zu handeln\", Galerie Knecht und Burster, Karlsruhe<\/p>\n<p><strong>2013<\/strong><br \/> \"BaR\u00fcMa\" Galerie Fluchtstab, Staufen, mit Sylvia Maak und Ludwig Weber<br \/> \"Verliebte K\u00fcnstler\" S\u00fcddeutscher Kunstverein, Kunsthalle am Hamburger Platz, Berlin<br \/> <strong>2012<\/strong><br \/> \"Eine Audiotour durch Baden-W\u00fcrttemberg\" Kunsthalle Karlsruhe<br \/> \"aussichtKUNST\" Freilichtausstellung Schlossberg, Freiburg<br \/> \"Alfonso und Thadd\u00e4us H\u00fcppi\" Kunstverein Offenburg, Mittelbaden<br \/> \"Win - Win\" Kunsthalle am Hamburger Platz, Berlin<br \/> \"Das Eigene und Andere in der Fotografie - f\u00fcr Hanna H\u00f6ch\" K\u00fcnstlerbund, Berlin<br \/> \"30 Jahre Kunstpreis\" GdFjK, Baden - Baden<br \/> <strong>2011<\/strong><br \/> \"Wertzeichen\" GdFjK, Baden - Baden<br \/> \"Neue Arbeiten\" Majolica, Karlsruhe<br \/> \"Leistungsschau\" Kunsthalle am Hamburger Platz, Berlin<br \/> \"Bau 2\" Galerie Knecht, Karlsruhe<br \/> \"Sommer und Schluss\" Galerie Wittenbrink, M\u00fcnchen<br \/> <strong>2010<\/strong><br \/> \"Nahrung\" Museum Flims, Schweiz (K)<br \/> \"Multiples\" allgirls, Berlin\/Miami<br \/> \"K\u00fcnstlerlampen, K\u00fcnstlerleuchten\" Majolica, Karlsruhe<br \/> \"Marchtaler Fenster\" Obermarchtal (K)<br \/> \"Fremde Heimat\" Kunsthalle Mannheim, (K)<br \/> \"Ochsenherz\" Galerie Bischoff, Lahr<br \/> \"ars poetica\" Galerie Fluchtstab, Staufen (EA)<br \/> <strong>2009<\/strong><br \/> \"Zu Besuch bei\" Praxis Dr. Baier, Baden - Baden<br \/> \"Nahrung\", Shedhalle Z\u00fcrich, Schweiz<br \/> Galerie Knecht, Universit\u00e4t Karlsruhe<br \/> <strong>2008<\/strong><br \/> \"X 2008\" allgirls, Berlin<br \/> \"watercheck\" Kunstweg Reichbachtal, Baden<br \/> \"Sieling und drei Freunde\" Galerie Knecht, Oberroedern, Elsass<br \/> \"International Exhibition\" City Art Museum, Gangneun, Korea (K)<br \/> \"U 50\" Galerie Fluchtstab, Staufen<br \/> \"K\u00fcnstlerb\u00fccher\" WP 8, D\u00fcsseldorf<br \/> \"neue Bilder\" Galerie Wittenbrink, M\u00fcnchen (EA,K)<br \/> 30 Jahre Galerie Wittenbrink, M\u00fcnchen<br \/> <strong>2007<\/strong><br \/> \"Schauinsland\" Galerie Fluchtstab, Staufen (EA)<br \/> \"il desserto rosso\" Galerie Wittenbrink, M\u00fcnchen (EA)<br \/> \"body check\" Triennale Fellbach (K)<br \/> Keramikmuseum Staufen \"Neuerweberbungen\" (K)<br \/> Badisches Landesmuseum Karlsruhe, \"Neuerwerbungen\"(K)<br \/> \"Showroom\"&nbsp; Galerie Bischof, Lahr<br \/> \"Heizkraftwerk\" Galerie Wittenbrink, M\u00fcnchen<br \/> \"Fahrt ins Blaue\" Kunstverein Baruth<br \/> \"Ornament und Verbrechen\" Galerie Bischof, Lahr<br \/> \"Zeichnung\" GdFjK, Baden - Baden<br \/> <strong>2006<\/strong><br \/> lueckeundpartner.de studio, Berlin<br \/> \"Neue Bilder\" Galerie Wittenbrink, M\u00fcnchen (EA)<br \/> \"Das Wort liebt Bilder\" Galerie Fluchtstab, Staufen<br \/> \"Brunnen\" Galerie Wittenbrink, M\u00fcnchen (EA)<br \/> \"Aha!Pneu...\" Majolica, Karlsruhe<br \/> <strong>2005<\/strong><br \/> \"S.i.p.p.e.\" BBK Baden-W\u00fcrttemberg, Freiburg<br \/> \"10 Jahre Atelier Bischoff\" Kunstverein Lahr<br \/> \"Der Scheich bin ich\" Malkasten, D\u00fcsseldorf<br \/> 50 Jahre K\u00fcnstlerbund Baden-W\u00fcrttemberg, St\u00e4dtische Galerie Karlstruhe (K)<br \/> Skulpturen, Zeichnungen, Installationen, Friedrichsbau B\u00fchl (EA, K)<br \/> \"Flagge zeigen\" 50 Jahre GdFjK, Baden-Baden (K)<br \/> \"K\u00fcnstlerflaggen am Haus Reich\" GdFjK , Baden - Baden<br \/> <strong>2004<\/strong><br \/> Objekte, Skulpturen, Zeichnungen, Galerie Fluchtstab, Staufen (EA)<br \/> \"French Spirit\" BW Bank, Stuttgart (EA)<br \/> 4 Jahre WBD, Editionen, Berlin (K)<br \/> \"flying circus\",Stadtmuseum Eppingen (EA)<br \/> Galerie Wittenbrink, M\u00fcnchen, (EA)<br \/> \"Aqua - Aqua\" GdFjK , Baden - Baden<br \/> \"Luminale\" Art Boy, Frankfurt<br \/> K\u00fcnstler im Stolzenberg, Sparkasse Baden - Baden<br \/> <strong>2003<\/strong><br \/> \"Thadd\u00e4us H\u00fcppi\" WBD, Berlin (EA)<br \/> Galerie Wittenbrink, M\u00fcnchen mit Berthold Steinheber<br \/> \"Pocket\" Galerie Eugen Lendl, Graz (K)<br \/> \"Trottoir\" Galerie Haus Schneider, Ettlingen-Karlsruhe (EA)<br \/> \"Luminale\" Mehrzweckhalle, Berlin<br \/> Kunstfonds Bonn (EA, K)<br \/> \"Wheeling\" Gallery Exchange Los Angeles, Cell Space, London, de Ligt Frankfurt<br \/> <strong>2002<\/strong><br \/> \"le camp d'art\" Oberroedern, mit Erberhard Eckerle und KM Rennertz<br \/> Galerie L\u00f6hrl, M\u00f6nchengladbach, mit Johannes H\u00fcppi<br \/> manus presse, Stuttgart, mit Johannes H\u00fcppi<br \/> \"Schwarzwaldhochstra\u00dfe\" Kunsthalle Baden-Baden (K)<br \/> Atelier Hofmann, Neustadt\/W.(EA)<br \/> \"Nashville II\" Kunstverein Harburg<br \/> \"Pocket\" Verein f\u00fcr Original Radierung, M\u00fcnchen (K)<br \/> <strong>2001<\/strong><br \/> Galeriehaus Schneider, Ettlingen<br \/> \"Handycap Kunst\" GdFjK , Baden - Baden<br \/> \"Atelier Bischoff\" Kunstverein Lahr<br \/> \"Freie Wahlen\" Kunsthalle Baden-Baden<br \/> \"Stygmaty\" Stettin, Polen (K)<br \/> \"Artist in Wonderland\" Kunstverein Baruth<br \/> \"Das Bild der Familie\" Cantieri Culturali alla Zisa, Palermo, Italien (K)<br \/> Galerie WBD, Berlin (EA)<br \/> \"White light\" mit Marcus Weber, Haarlem, Holland<br \/> <strong>2000<\/strong><br \/> Stadtpreis Baden-Baden, GdFjK, Baden-Baden (EA, K)<br \/> Galerie Michael Cosar, D\u00fcsseldorf (EA, K)<br \/> \"Kunst-Knast\" GdFjK , Baden-Baden (K)<br \/> <strong>1999<\/strong><br \/> \"Compact 2000\" Kunsthalle Baden-Baden<br \/> \"support on paper\" Galerie f\u00fcr junge Kunst, Frankfurt<br \/> \"Zwei mal zwei Generationen in einer Familie\" Galerie Hentze &amp; Ketterer, Bern<br \/> <strong>1998<\/strong><br \/> \"Zimmer frei\" Bleckede (K)<br \/> \"Druck\" Freunde junger Kunst, Baden-Baden<br \/> \"Danach zu Hegel\" Bannat &amp; Wetzka @ loop, Berlin<br \/> <strong>1997<\/strong><br \/> Atelier Reski, mit Johannes H\u00fcppi, Berlin<br \/> \"4 H\u00fcppi\" Kunstmuseum Solothurn (K)<br \/> \"Sternstunden der Kunst\" Frankfurt<br \/> \"Zuspiel\" mit Stephan Balkenhol, Kunstverein Aachen (K)<br \/> <strong>1996<\/strong><br \/> \"4 H\u00fcppi\" Museum f\u00fcr Neue Kunst, Freiburg (K)<br \/> \"Etwas besseres als den Tod findest du \u00fcberall\" Frankfurt (K)<br \/> \"Zeil aktiv\" Schaufenstergestaltung, Frankfurt (K)<br \/> <strong>1994<\/strong><br \/> Westwerk, Hamburg, (EA)<br \/> Wiensowski &amp; Harbord (mit Franz Ackermann, Ralf Ritter und Gunter Reski), Berlin<br \/> \"Artgerechtes Parken\" Parkplatz Kunstverein Hamburg<br \/> <strong>1993<\/strong><br \/> \"Sechs Namen und Picasso\" K. E. Osthaus-Museum, Hagen<br \/> \"Malerei 2000\" Sprinkenhof, Hamburg und Konstmuseet Malm\u00f6, Schweden (K)<br \/> <strong>1992<\/strong><br \/> \"Andr\u00e9 der Andere\" mit Johannes H\u00fcppi, Schmidl &amp; Haas, Frankfurt (K)<br \/> <strong>1991<\/strong><br \/> \"G\u00e4stezimmer\" Installation bei Schmidl &amp; Haas, Frankfurt a.M.<br \/> Installation im MMK Frankfurt am Main, mit Martin Schmidl<br \/> <strong>1989<\/strong><br \/> \"Unterm Birnbaum\" Hamburg (K)<\/p>\n<\/div>\n<\/div><\/div><\/div><div id=\"pgc-7-0-1\"  class=\"panel-grid-cell\" ><div id=\"panel-7-0-1-0\" class=\"so-panel widget widget_sow-headline panel-first-child\" data-index=\"7\" ><div class=\"so-widget-sow-headline so-widget-sow-headline-default-5f79ae39187a-7\"><div class=\"sow-headline-container \">\n\t<h5 class='sow-headline'>PREISE \/ STIPENDIEN <\/h5><\/div><\/div><\/div><div id=\"panel-7-0-1-1\" class=\"so-panel widget widget_sow-editor\" data-index=\"8\" ><div class=\"so-widget-sow-editor so-widget-sow-editor-base\">\n<div class=\"siteorigin-widget-tinymce textwidget\">\n\t<p>2005 Kunstpreis der Stadt B\u00fchl<\/p>\n<p>2002 Arbeitsstipendium der Stiftung Kunstfonds<\/p>\n<p>2000 Kunstpreis der Stadt Baden-Baden<\/p>\n<\/div>\n<\/div><\/div><div id=\"panel-7-0-1-2\" class=\"so-panel widget widget_sow-headline\" data-index=\"9\" ><div class=\"so-widget-sow-headline so-widget-sow-headline-default-5f79ae39187a-7\"><div class=\"sow-headline-container \">\n\t<h5 class='sow-headline'>SKULPTUREN im \u00f6ffentlichen Raum<\/h5><\/div><\/div><\/div><div id=\"panel-7-0-1-3\" class=\"so-panel widget widget_sow-editor\" data-index=\"10\" ><div class=\"so-widget-sow-editor so-widget-sow-editor-base\">\n<div class=\"siteorigin-widget-tinymce textwidget\">\n\t<p>\"Schimpferinstallation\" (Stoff, Gips, Audiotechnik) Freiburg<br \/> \"Brauerin\", \"Konditor\", \"Metzger\" (Bronze, Stahl) M\u00fcnchen<br \/> \"landart\" Installation (Gips, Wasser) Korea<br \/> \"Ortschild\" (Edelstahl, bemalt), Gemeinde Affental<br \/> \"Kellner\" und \"Koch\" (Bronze, Edelstahl), Berufschulzentrum M\u00fcnchen<br \/> Brunnen, (Bronze, Edelstahl, Relief), Sparkasse Baden - Baden<br \/> \"B\u00e4cker\" Bronzefigur, Berufsschulzentrum, M\u00fcnchenBrunnen (Sandstein, Bronze), Marktplatz Steinmauern<br \/> Platzgestaltung und Skulptur, (Edelstahl, Bronze) Zollstation Rheinfelden<br \/> Staatliche Majolica, Brunnen aus Keramik, Karlsruhe<br \/> Gro\u00dfe S\u00e4ule, (Edelstahl, Bronze) Urachstra\u00dfe Freiburg<br \/> Wandfigur, (Bronze) Justizzentrum W\u00fcrzburg<br \/> \"Flying Circus\", 30 Fahnen f\u00fcr Eppingen, 8. K\u00fcnstlerfahnenfestival<br \/> Brunnen, (Epoxydharz laminiert, Olympiapark) M\u00fcnchen<br \/> gro\u00dfes Frei-Schach, (Kunstharz, Edelstahl) L\u00fcdenscheid<br \/> Brunnenanlage, (Beton, Stein, Bronze) Dortmund<br \/> Sitzbank, (Beton), Golfplatz, Baden - Baden<br \/> Wandrelief, (Kunstharz) Realschule, Ludwigsburg<br \/> Brunnen (Beton modelliert) Dampfbad, Baden - Baden<\/p>\n<\/div>\n<\/div><\/div><div id=\"panel-7-0-1-4\" class=\"so-panel widget widget_sow-headline\" data-index=\"11\" ><div class=\"so-widget-sow-headline so-widget-sow-headline-default-5f79ae39187a-7\"><div class=\"sow-headline-container \">\n\t<h5 class='sow-headline'>ALS KURATOR<\/h5><\/div><\/div><\/div><div id=\"panel-7-0-1-5\" class=\"so-panel widget widget_sow-editor panel-last-child\" data-index=\"12\" ><div class=\"so-widget-sow-editor so-widget-sow-editor-base\">\n<div class=\"siteorigin-widget-tinymce textwidget\">\n\t<p><strong>2016<\/strong><br \/> \"Die Bilder der Anderen\", Kommunale Galerie Charlottenburg, Berlin<br \/> \"Verliebte K\u00fcnstler\", K\u00fcnstlerbund Baden-W\u00fcrttemberg, Stuttgart<br \/>\"Br\u00fccke im Dschungel IV\", Galerie der HBK SAAR, Saarbr\u00fccken<\/p>\n<p><strong>2013<\/strong><br \/>\"Muggesturm am M\u00fcggelsee\", mit Julia Brodauf, Galerie Alte Schule im Kulturzentrum Adlershof, Berlin<\/p>\n<\/div>\n<\/div><\/div><\/div><\/div><\/div><\/div>","protected":false},"excerpt":{"rendered":"<p>1963 geboren in Hamburg, lebt und arbeitet in Baden-Baden1980 &#8211; 1986 Bau- und M\u00f6beltischler in Freiburg, Genf und Berlin 1986 &#8211; 1991 Studium Hochschule f\u00fcr Bildende K\u00fcnste, Hamburg bei Kai Sudek und an der St\u00e4delschule Frankfurt am Main bei Stephan Balkenhol und Ulrich R\u00fcckriem 2011 &#8211; 2016 Professur f\u00fcr k\u00fcnstlerische Selbstorganisation, Wertsteigerung und Ausstellungskonzeption an [&hellip;]<\/p>\n","protected":false},"author":1,"featured_media":36,"parent":0,"menu_order":1,"comment_status":"closed","ping_status":"closed","template":"","meta":{"ngg_post_thumbnail":0},"_links":{"self":[{"href":"https:\/\/hueppi-test2.de\/index.php?rest_route=\/wp\/v2\/pages\/7"}],"collection":[{"href":"https:\/\/hueppi-test2.de\/index.php?rest_route=\/wp\/v2\/pages"}],"about":[{"href":"https:\/\/hueppi-test2.de\/index.php?rest_route=\/wp\/v2\/types\/page"}],"author":[{"embeddable":true,"href":"https:\/\/hueppi-test2.de\/index.php?rest_route=\/wp\/v2\/users\/1"}],"replies":[{"embeddable":true,"href":"https:\/\/hueppi-test2.de\/index.php?rest_route=%2Fwp%2Fv2%2Fcomments&post=7"}],"version-history":[{"count":6,"href":"https:\/\/hueppi-test2.de\/index.php?rest_route=\/wp\/v2\/pages\/7\/revisions"}],"predecessor-version":[{"id":262,"href":"https:\/\/hueppi-test2.de\/index.php?rest_route=\/wp\/v2\/pages\/7\/revisions\/262"}],"wp:featuredmedia":[{"embeddable":true,"href":"https:\/\/hueppi-test2.de\/index.php?rest_route=\/wp\/v2\/media\/36"}],"wp:attachment":[{"href":"https:\/\/hueppi-test2.de\/index.php?rest_route=%2Fwp%2Fv2%2Fmedia&parent=7"}],"curies":[{"name":"wp","href":"https:\/\/api.w.org\/{rel}","templated":true}]}}